{"id":30,"date":"2024-09-20T11:50:15","date_gmt":"2024-09-20T11:50:15","guid":{"rendered":"https:\/\/carpinteriaartetxe.rkinformatika.online\/?page_id=30"},"modified":"2025-04-10T15:12:22","modified_gmt":"2025-04-10T15:12:22","slug":"servicios","status":"publish","type":"page","link":"https:\/\/chgalbanileria.com\/eu\/servicios\/","title":{"rendered":"Zerbitzuak"},"content":{"rendered":"<div data-elementor-type=\"wp-page\" data-elementor-id=\"30\" class=\"elementor elementor-30\" data-elementor-post-type=\"page\">\n\t\t\t\t<div class=\"elementor-element elementor-element-97f0cae e-flex e-con-boxed e-con e-parent\" data-id=\"97f0cae\" data-element_type=\"container\" data-e-type=\"container\" data-settings=\"{&quot;background_background&quot;:&quot;classic&quot;}\">\n\t\t\t\t\t<div class=\"e-con-inner\">\n\t\t<div class=\"elementor-element elementor-element-dfdace6 e-con-full e-flex e-con e-child\" data-id=\"dfdace6\" data-element_type=\"container\" data-e-type=\"container\">\n\t\t\t\t<div class=\"elementor-element elementor-element-fdf3ad6 elementor-invisible elementor-widget elementor-widget-heading\" data-id=\"fdf3ad6\" data-element_type=\"widget\" data-e-type=\"widget\" data-settings=\"{&quot;_animation&quot;:&quot;zoomIn&quot;}\" data-widget_type=\"heading.default\">\n\t\t\t\t<div class=\"elementor-widget-container\">\n\t\t\t\t\t<h1 class=\"elementor-heading-title elementor-size-default\">Reformas y obras nuevas <br>con garant\u00eda de experiencia<\/h1>\t\t\t\t<\/div>\n\t\t\t\t<\/div>\n\t\t<div class=\"elementor-element elementor-element-8baab55 e-con-full e-flex e-con e-child\" data-id=\"8baab55\" data-element_type=\"container\" data-e-type=\"container\">\n\t\t\t\t<div class=\"elementor-element elementor-element-3889329 elementor-align-right elementor-widget__width-auto elementor-mobile-align-justify elementor-widget-mobile__width-initial elementor-tablet-align-justify elementor-widget-tablet__width-initial elementor-invisible elementor-widget elementor-widget-button\" data-id=\"3889329\" data-element_type=\"widget\" data-e-type=\"widget\" data-settings=\"{&quot;_animation&quot;:&quot;fadeInLeft&quot;}\" data-widget_type=\"button.default\">\n\t\t\t\t<div class=\"elementor-widget-container\">\n\t\t\t\t\t\t\t\t\t<div class=\"elementor-button-wrapper\">\n\t\t\t\t\t<a class=\"elementor-button elementor-button-link elementor-size-sm elementor-animation-grow\" href=\"https:\/\/chgalbanileria.rkinformatika.online\/contacto\/\">\n\t\t\t\t\t\t<span class=\"elementor-button-content-wrapper\">\n\t\t\t\t\t\t\t\t\t<span class=\"elementor-button-text\">llamanos<\/span>\n\t\t\t\t\t<\/span>\n\t\t\t\t\t<\/a>\n\t\t\t\t<\/div>\n\t\t\t\t\t\t\t\t<\/div>\n\t\t\t\t<\/div>\n\t\t\t\t<\/div>\n\t\t\t\t<\/div>\n\t\t\t\t\t<\/div>\n\t\t\t\t<\/div>\n\t\t<div class=\"elementor-element elementor-element-20b789d e-con-full e-flex e-con e-parent\" data-id=\"20b789d\" data-element_type=\"container\" data-e-type=\"container\" data-settings=\"{&quot;background_background&quot;:&quot;classic&quot;}\">\n\t\t<div class=\"elementor-element elementor-element-66002d6 e-flex e-con-boxed e-con e-child\" data-id=\"66002d6\" data-element_type=\"container\" data-e-type=\"container\">\n\t\t\t\t\t<div class=\"e-con-inner\">\n\t\t\t\t<div class=\"elementor-element elementor-element-68156e5 elementor-widget__width-initial elementor-invisible elementor-widget elementor-widget-heading\" data-id=\"68156e5\" data-element_type=\"widget\" data-e-type=\"widget\" data-settings=\"{&quot;_animation&quot;:&quot;fadeInUp&quot;}\" data-widget_type=\"heading.default\">\n\t\t\t\t<div class=\"elementor-widget-container\">\n\t\t\t\t\t<h2 class=\"elementor-heading-title elementor-size-default\">Compromiso, seriedad y acabados impecables.\n\n<\/h2>\t\t\t\t<\/div>\n\t\t\t\t<\/div>\n\t\t\t\t\t<\/div>\n\t\t\t\t<\/div>\n\t\t<div class=\"elementor-element elementor-element-0f69fe0 e-con-full e-flex e-con e-child\" data-id=\"0f69fe0\" data-element_type=\"container\" data-e-type=\"container\">\n\t\t<div class=\"elementor-element elementor-element-f0a7f72 e-con-full e-flex elementor-invisible e-con e-child\" data-id=\"f0a7f72\" data-element_type=\"container\" data-e-type=\"container\" data-settings=\"{&quot;animation&quot;:&quot;fadeInUp&quot;}\">\n\t\t\t\t<div class=\"elementor-element elementor-element-4a705b6 elementor-cta--layout-image-below elementor-cta--valign-middle elementor-cta--skin-classic elementor-animated-content elementor-bg-transform elementor-bg-transform-zoom-in elementor-widget elementor-widget-call-to-action\" data-id=\"4a705b6\" data-element_type=\"widget\" data-e-type=\"widget\" data-widget_type=\"call-to-action.default\">\n\t\t\t\t<div class=\"elementor-widget-container\">\n\t\t\t\t\t\t\t<div class=\"elementor-cta\">\n\t\t\t\t\t<div class=\"elementor-cta__bg-wrapper\">\n\t\t\t\t<div class=\"elementor-cta__bg elementor-bg\" style=\"background-image: url(https:\/\/chgalbanileria.com\/wp-content\/uploads\/elementor\/thumbs\/12114-r45p38mcfheod12nc3sm1jruq3skrugrm5pppmgex4.jpg);\" role=\"img\" aria-label=\"12114\"><\/div>\n\t\t\t\t<div class=\"elementor-cta__bg-overlay\"><\/div>\n\t\t\t<\/div>\n\t\t\t\t\t\t\t\t<\/div>\n\t\t\t\t\t\t<\/div>\n\t\t\t\t<\/div>\n\t\t\t\t<div class=\"elementor-element elementor-element-8f280c6 elementor-widget elementor-widget-heading\" data-id=\"8f280c6\" data-element_type=\"widget\" data-e-type=\"widget\" data-widget_type=\"heading.default\">\n\t\t\t\t<div class=\"elementor-widget-container\">\n\t\t\t\t\t<h2 class=\"elementor-heading-title elementor-size-default\">Alba\u00f1iler\u00eda en General<\/h2>\t\t\t\t<\/div>\n\t\t\t\t<\/div>\n\t\t\t\t<div class=\"elementor-element elementor-element-4b9a871 elementor-widget elementor-widget-text-editor\" data-id=\"4b9a871\" data-element_type=\"widget\" data-e-type=\"widget\" data-widget_type=\"text-editor.default\">\n\t\t\t\t<div class=\"elementor-widget-container\">\n\t\t\t\t\t\t\t\t\t<p class=\"\" data-start=\"55\" data-end=\"246\">Desde <strong data-start=\"93\" data-end=\"118\">peque\u00f1as reparaciones<\/strong> hasta <strong data-start=\"125\" data-end=\"151\">grandes construcciones<\/strong>, realizamos todo tipo de trabajos de alba\u00f1iler\u00eda con precisi\u00f3n y calidad. Nos encargamos de:<\/p><ul data-start=\"247\" data-end=\"473\"><li class=\"\" data-start=\"247\" data-end=\"289\"><p class=\"\" data-start=\"249\" data-end=\"289\">Reparaci\u00f3n de muros, paredes y techos.<\/p><\/li><li class=\"\" data-start=\"290\" data-end=\"333\"><p class=\"\" data-start=\"292\" data-end=\"333\">Levantamiento y demolici\u00f3n de tabiques.<\/p><\/li><li class=\"\" data-start=\"334\" data-end=\"365\"><p class=\"\" data-start=\"336\" data-end=\"365\">Enlucidos y revestimientos.<\/p><\/li><li class=\"\" data-start=\"366\" data-end=\"420\"><p class=\"\" data-start=\"368\" data-end=\"420\">Impermeabilizaci\u00f3n y aislamiento t\u00e9rmico\/ac\u00fastico.<\/p><\/li><li class=\"\" data-start=\"421\" data-end=\"473\"><p class=\"\" data-start=\"423\" data-end=\"473\">Reparaci\u00f3n y sustituci\u00f3n de suelos y pavimentos.<\/p><\/li><\/ul>\t\t\t\t\t\t\t\t<\/div>\n\t\t\t\t<\/div>\n\t\t\t\t<\/div>\n\t\t<div class=\"elementor-element elementor-element-74c9396 e-con-full e-flex elementor-invisible e-con e-child\" data-id=\"74c9396\" data-element_type=\"container\" data-e-type=\"container\" data-settings=\"{&quot;animation&quot;:&quot;fadeInUp&quot;}\">\n\t\t\t\t<div class=\"elementor-element elementor-element-187d964 elementor-cta--layout-image-above elementor-cta--valign-middle elementor-cta--skin-classic elementor-animated-content elementor-bg-transform elementor-bg-transform-zoom-in elementor-widget elementor-widget-call-to-action\" data-id=\"187d964\" data-element_type=\"widget\" data-e-type=\"widget\" data-widget_type=\"call-to-action.default\">\n\t\t\t\t<div class=\"elementor-widget-container\">\n\t\t\t\t\t\t\t<div class=\"elementor-cta\">\n\t\t\t\t\t<div class=\"elementor-cta__bg-wrapper\">\n\t\t\t\t<div class=\"elementor-cta__bg elementor-bg\" style=\"background-image: url(https:\/\/chgalbanileria.com\/wp-content\/uploads\/2025\/04\/8627.jpg);\" role=\"img\" aria-label=\"8627\"><\/div>\n\t\t\t\t<div class=\"elementor-cta__bg-overlay\"><\/div>\n\t\t\t<\/div>\n\t\t\t\t\t\t\t\t<\/div>\n\t\t\t\t\t\t<\/div>\n\t\t\t\t<\/div>\n\t\t\t\t<div class=\"elementor-element elementor-element-034690d elementor-widget elementor-widget-heading\" data-id=\"034690d\" data-element_type=\"widget\" data-e-type=\"widget\" data-widget_type=\"heading.default\">\n\t\t\t\t<div class=\"elementor-widget-container\">\n\t\t\t\t\t<h2 class=\"elementor-heading-title elementor-size-default\">Reformas Integrales<\/h2>\t\t\t\t<\/div>\n\t\t\t\t<\/div>\n\t\t\t\t<div class=\"elementor-element elementor-element-1850a40 elementor-widget elementor-widget-text-editor\" data-id=\"1850a40\" data-element_type=\"widget\" data-e-type=\"widget\" data-widget_type=\"text-editor.default\">\n\t\t\t\t<div class=\"elementor-widget-container\">\n\t\t\t\t\t\t\t\t\t<p class=\"\" data-start=\"475\" data-end=\"621\">Transformamos tu hogar, oficina o local comercial con acabados impecables y adaptados a tus necesidades. Ofrecemos:<\/p><ul data-start=\"622\" data-end=\"853\"><li class=\"\" data-start=\"622\" data-end=\"658\"><p class=\"\" data-start=\"624\" data-end=\"658\">Remodelaci\u00f3n de ba\u00f1os y cocinas.<\/p><\/li><li class=\"\" data-start=\"659\" data-end=\"698\"><p class=\"\" data-start=\"661\" data-end=\"698\">Cambio de distribuci\u00f3n de espacios.<\/p><\/li><li class=\"\" data-start=\"699\" data-end=\"754\"><p class=\"\" data-start=\"701\" data-end=\"754\">Instalaci\u00f3n de suelos, alicatados y revestimientos.<\/p><\/li><li class=\"\" data-start=\"755\" data-end=\"798\"><p class=\"\" data-start=\"757\" data-end=\"798\">Restauraci\u00f3n de fachadas y estructuras.<\/p><\/li><li class=\"\" data-start=\"799\" data-end=\"853\"><p class=\"\" data-start=\"801\" data-end=\"853\">Optimizaci\u00f3n de espacios para mayor funcionalidad.<\/p><\/li><\/ul>\t\t\t\t\t\t\t\t<\/div>\n\t\t\t\t<\/div>\n\t\t\t\t<\/div>\n\t\t<div class=\"elementor-element elementor-element-258cde7 e-con-full e-flex elementor-invisible e-con e-child\" data-id=\"258cde7\" data-element_type=\"container\" data-e-type=\"container\" data-settings=\"{&quot;animation&quot;:&quot;fadeInUp&quot;}\">\n\t\t\t\t<div class=\"elementor-element elementor-element-13b1505 elementor-cta--layout-image-above elementor-cta--valign-middle elementor-cta--skin-classic elementor-animated-content elementor-bg-transform elementor-bg-transform-zoom-in elementor-widget elementor-widget-call-to-action\" data-id=\"13b1505\" data-element_type=\"widget\" data-e-type=\"widget\" data-widget_type=\"call-to-action.default\">\n\t\t\t\t<div class=\"elementor-widget-container\">\n\t\t\t\t\t\t\t<div class=\"elementor-cta\">\n\t\t\t\t\t<div class=\"elementor-cta__bg-wrapper\">\n\t\t\t\t<div class=\"elementor-cta__bg elementor-bg\" style=\"background-image: url(https:\/\/chgalbanileria.com\/wp-content\/uploads\/2025\/04\/138048.jpg);\" role=\"img\" aria-label=\"138048\"><\/div>\n\t\t\t\t<div class=\"elementor-cta__bg-overlay\"><\/div>\n\t\t\t<\/div>\n\t\t\t\t\t\t\t\t<\/div>\n\t\t\t\t\t\t<\/div>\n\t\t\t\t<\/div>\n\t\t\t\t<div class=\"elementor-element elementor-element-238aa22 elementor-widget elementor-widget-heading\" data-id=\"238aa22\" data-element_type=\"widget\" data-e-type=\"widget\" data-widget_type=\"heading.default\">\n\t\t\t\t<div class=\"elementor-widget-container\">\n\t\t\t\t\t<h2 class=\"elementor-heading-title elementor-size-default\">Obra Nueva<\/h2>\t\t\t\t<\/div>\n\t\t\t\t<\/div>\n\t\t\t\t<div class=\"elementor-element elementor-element-9fc8655 elementor-widget elementor-widget-text-editor\" data-id=\"9fc8655\" data-element_type=\"widget\" data-e-type=\"widget\" data-widget_type=\"text-editor.default\">\n\t\t\t\t<div class=\"elementor-widget-container\">\n\t\t\t\t\t\t\t\t\t<p class=\"\" data-start=\"855\" data-end=\"1015\">Construimos <strong data-start=\"887\" data-end=\"922\">espacios modernos y funcionales<\/strong> desde cero, asegurando estructuras s\u00f3lidas y adaptadas a cada proyecto. Nos encargamos de:<\/p><ul data-start=\"1016\" data-end=\"1319\"><li class=\"\" data-start=\"1016\" data-end=\"1072\"><p class=\"\" data-start=\"1018\" data-end=\"1072\">Construcci\u00f3n de viviendas unifamiliares y edificios.<\/p><\/li><li class=\"\" data-start=\"1073\" data-end=\"1133\"><p class=\"\" data-start=\"1075\" data-end=\"1133\">Edificaci\u00f3n de naves industriales y locales comerciales.<\/p><\/li><li class=\"\" data-start=\"1134\" data-end=\"1191\"><p class=\"\" data-start=\"1136\" data-end=\"1191\">Estructuras de hormig\u00f3n, ladrillo y otros materiales.<\/p><\/li><li class=\"\" data-start=\"1192\" data-end=\"1256\"><p class=\"\" data-start=\"1194\" data-end=\"1256\">Coordinaci\u00f3n con otros gremios para proyectos llave en mano.<\/p><\/li><li class=\"\" data-start=\"1257\" data-end=\"1319\"><p class=\"\" data-start=\"1259\" data-end=\"1319\">Dise\u00f1o y ejecuci\u00f3n con los mejores materiales del mercado.<\/p><\/li><\/ul>\t\t\t\t\t\t\t\t<\/div>\n\t\t\t\t<\/div>\n\t\t\t\t<\/div>\n\t\t\t\t<\/div>\n\t\t\t\t<\/div>\n\t\t\t\t<\/div>","protected":false},"excerpt":{"rendered":"<p>Reformas y obras nuevas con garant\u00eda de experiencia llamanos Compromiso, seriedad y acabados impecables. Alba\u00f1iler\u00eda en General Desde peque\u00f1as reparaciones hasta grandes construcciones, realizamos todo tipo de trabajos de alba\u00f1iler\u00eda con precisi\u00f3n y calidad. Nos encargamos de: Reparaci\u00f3n de muros, paredes y techos. Levantamiento y demolici\u00f3n de tabiques. Enlucidos y revestimientos. Impermeabilizaci\u00f3n y aislamiento t\u00e9rmico\/ac\u00fastico. [&hellip;]<\/p>\n","protected":false},"author":3,"featured_media":0,"parent":0,"menu_order":0,"comment_status":"closed","ping_status":"closed","template":"","meta":{"footnotes":""},"class_list":["post-30","page","type-page","status-publish","hentry"],"yoast_head":"<!-- This site is optimized with the Yoast SEO plugin v27.3 - https:\/\/yoast.com\/product\/yoast-seo-wordpress\/ -->\n<title>Servicios - CHG Albanileria<\/title>\n<meta name=\"robots\" content=\"index, follow, max-snippet:-1, max-image-preview:large, max-video-preview:-1\" \/>\n<link rel=\"canonical\" href=\"https:\/\/chgalbanileria.com\/eu\/servicios\/\" \/>\n<meta property=\"og:locale\" content=\"en_US\" \/>\n<meta property=\"og:type\" content=\"article\" \/>\n<meta property=\"og:title\" content=\"Servicios - CHG Albanileria\" \/>\n<meta property=\"og:description\" content=\"Reformas y obras nuevas con garant\u00eda de experiencia llamanos Compromiso, seriedad y acabados impecables. Alba\u00f1iler\u00eda en General Desde peque\u00f1as reparaciones hasta grandes construcciones, realizamos todo tipo de trabajos de alba\u00f1iler\u00eda con precisi\u00f3n y calidad. Nos encargamos de: Reparaci\u00f3n de muros, paredes y techos. Levantamiento y demolici\u00f3n de tabiques. Enlucidos y revestimientos. Impermeabilizaci\u00f3n y aislamiento t\u00e9rmico\/ac\u00fastico. [&hellip;]\" \/>\n<meta property=\"og:url\" content=\"https:\/\/chgalbanileria.com\/eu\/servicios\/\" \/>\n<meta property=\"og:site_name\" content=\"CHG Albanileria\" \/>\n<meta property=\"article:modified_time\" content=\"2025-04-10T15:12:22+00:00\" \/>\n<meta name=\"twitter:card\" content=\"summary_large_image\" \/>\n<meta name=\"twitter:label1\" content=\"Est. reading time\" \/>\n\t<meta name=\"twitter:data1\" content=\"1 minutua\" \/>\n<script type=\"application\/ld+json\" class=\"yoast-schema-graph\">{\"@context\":\"https:\\\/\\\/schema.org\",\"@graph\":[{\"@type\":\"WebPage\",\"@id\":\"https:\\\/\\\/chgalbanileria.com\\\/servicios\\\/\",\"url\":\"https:\\\/\\\/chgalbanileria.com\\\/servicios\\\/\",\"name\":\"Servicios - CHG Albanileria\",\"isPartOf\":{\"@id\":\"https:\\\/\\\/chgalbanileria.com\\\/#website\"},\"datePublished\":\"2024-09-20T11:50:15+00:00\",\"dateModified\":\"2025-04-10T15:12:22+00:00\",\"breadcrumb\":{\"@id\":\"https:\\\/\\\/chgalbanileria.com\\\/servicios\\\/#breadcrumb\"},\"inLanguage\":\"eu\",\"potentialAction\":[{\"@type\":\"ReadAction\",\"target\":[\"https:\\\/\\\/chgalbanileria.com\\\/servicios\\\/\"]}]},{\"@type\":\"BreadcrumbList\",\"@id\":\"https:\\\/\\\/chgalbanileria.com\\\/servicios\\\/#breadcrumb\",\"itemListElement\":[{\"@type\":\"ListItem\",\"position\":1,\"name\":\"Portada\",\"item\":\"https:\\\/\\\/chgalbanileria.com\\\/\"},{\"@type\":\"ListItem\",\"position\":2,\"name\":\"Servicios\"}]},{\"@type\":\"WebSite\",\"@id\":\"https:\\\/\\\/chgalbanileria.com\\\/#website\",\"url\":\"https:\\\/\\\/chgalbanileria.com\\\/\",\"name\":\"CHG Albanileria\",\"description\":\"Alba\u00f1iler\u00eda en general \",\"publisher\":{\"@id\":\"https:\\\/\\\/chgalbanileria.com\\\/#organization\"},\"potentialAction\":[{\"@type\":\"SearchAction\",\"target\":{\"@type\":\"EntryPoint\",\"urlTemplate\":\"https:\\\/\\\/chgalbanileria.com\\\/?s={search_term_string}\"},\"query-input\":{\"@type\":\"PropertyValueSpecification\",\"valueRequired\":true,\"valueName\":\"search_term_string\"}}],\"inLanguage\":\"eu\"},{\"@type\":\"Organization\",\"@id\":\"https:\\\/\\\/chgalbanileria.com\\\/#organization\",\"name\":\"CHG Albanileria\",\"url\":\"https:\\\/\\\/chgalbanileria.com\\\/\",\"logo\":{\"@type\":\"ImageObject\",\"inLanguage\":\"eu\",\"@id\":\"https:\\\/\\\/chgalbanileria.com\\\/#\\\/schema\\\/logo\\\/image\\\/\",\"url\":\"https:\\\/\\\/chgalbanileria.com\\\/wp-content\\\/uploads\\\/2025\\\/04\\\/cropped-cropped-CHG-Albanileria-1.png\",\"contentUrl\":\"https:\\\/\\\/chgalbanileria.com\\\/wp-content\\\/uploads\\\/2025\\\/04\\\/cropped-cropped-CHG-Albanileria-1.png\",\"width\":388,\"height\":262,\"caption\":\"CHG Albanileria\"},\"image\":{\"@id\":\"https:\\\/\\\/chgalbanileria.com\\\/#\\\/schema\\\/logo\\\/image\\\/\"}}]}<\/script>\n<!-- \/ Yoast SEO plugin. -->","yoast_head_json":{"title":"Servicios - CHG Albanileria","robots":{"index":"index","follow":"follow","max-snippet":"max-snippet:-1","max-image-preview":"max-image-preview:large","max-video-preview":"max-video-preview:-1"},"canonical":"https:\/\/chgalbanileria.com\/eu\/servicios\/","og_locale":"en_US","og_type":"article","og_title":"Servicios - CHG Albanileria","og_description":"Reformas y obras nuevas con garant\u00eda de experiencia llamanos Compromiso, seriedad y acabados impecables. Alba\u00f1iler\u00eda en General Desde peque\u00f1as reparaciones hasta grandes construcciones, realizamos todo tipo de trabajos de alba\u00f1iler\u00eda con precisi\u00f3n y calidad. Nos encargamos de: Reparaci\u00f3n de muros, paredes y techos. Levantamiento y demolici\u00f3n de tabiques. Enlucidos y revestimientos. Impermeabilizaci\u00f3n y aislamiento t\u00e9rmico\/ac\u00fastico. [&hellip;]","og_url":"https:\/\/chgalbanileria.com\/eu\/servicios\/","og_site_name":"CHG Albanileria","article_modified_time":"2025-04-10T15:12:22+00:00","twitter_card":"summary_large_image","twitter_misc":{"Est. reading time":"1 minutua"},"schema":{"@context":"https:\/\/schema.org","@graph":[{"@type":"WebPage","@id":"https:\/\/chgalbanileria.com\/servicios\/","url":"https:\/\/chgalbanileria.com\/servicios\/","name":"Servicios - CHG Albanileria","isPartOf":{"@id":"https:\/\/chgalbanileria.com\/#website"},"datePublished":"2024-09-20T11:50:15+00:00","dateModified":"2025-04-10T15:12:22+00:00","breadcrumb":{"@id":"https:\/\/chgalbanileria.com\/servicios\/#breadcrumb"},"inLanguage":"eu","potentialAction":[{"@type":"ReadAction","target":["https:\/\/chgalbanileria.com\/servicios\/"]}]},{"@type":"BreadcrumbList","@id":"https:\/\/chgalbanileria.com\/servicios\/#breadcrumb","itemListElement":[{"@type":"ListItem","position":1,"name":"Portada","item":"https:\/\/chgalbanileria.com\/"},{"@type":"ListItem","position":2,"name":"Servicios"}]},{"@type":"WebSite","@id":"https:\/\/chgalbanileria.com\/#website","url":"https:\/\/chgalbanileria.com\/","name":"CHG Albanileria","description":"Alba\u00f1iler\u00eda en general","publisher":{"@id":"https:\/\/chgalbanileria.com\/#organization"},"potentialAction":[{"@type":"SearchAction","target":{"@type":"EntryPoint","urlTemplate":"https:\/\/chgalbanileria.com\/?s={search_term_string}"},"query-input":{"@type":"PropertyValueSpecification","valueRequired":true,"valueName":"search_term_string"}}],"inLanguage":"eu"},{"@type":"Organization","@id":"https:\/\/chgalbanileria.com\/#organization","name":"CHG Albanileria","url":"https:\/\/chgalbanileria.com\/","logo":{"@type":"ImageObject","inLanguage":"eu","@id":"https:\/\/chgalbanileria.com\/#\/schema\/logo\/image\/","url":"https:\/\/chgalbanileria.com\/wp-content\/uploads\/2025\/04\/cropped-cropped-CHG-Albanileria-1.png","contentUrl":"https:\/\/chgalbanileria.com\/wp-content\/uploads\/2025\/04\/cropped-cropped-CHG-Albanileria-1.png","width":388,"height":262,"caption":"CHG Albanileria"},"image":{"@id":"https:\/\/chgalbanileria.com\/#\/schema\/logo\/image\/"}}]}},"_links":{"self":[{"href":"https:\/\/chgalbanileria.com\/eu\/wp-json\/wp\/v2\/pages\/30","targetHints":{"allow":["GET"]}}],"collection":[{"href":"https:\/\/chgalbanileria.com\/eu\/wp-json\/wp\/v2\/pages"}],"about":[{"href":"https:\/\/chgalbanileria.com\/eu\/wp-json\/wp\/v2\/types\/page"}],"author":[{"embeddable":true,"href":"https:\/\/chgalbanileria.com\/eu\/wp-json\/wp\/v2\/users\/3"}],"replies":[{"embeddable":true,"href":"https:\/\/chgalbanileria.com\/eu\/wp-json\/wp\/v2\/comments?post=30"}],"version-history":[{"count":49,"href":"https:\/\/chgalbanileria.com\/eu\/wp-json\/wp\/v2\/pages\/30\/revisions"}],"predecessor-version":[{"id":492,"href":"https:\/\/chgalbanileria.com\/eu\/wp-json\/wp\/v2\/pages\/30\/revisions\/492"}],"wp:attachment":[{"href":"https:\/\/chgalbanileria.com\/eu\/wp-json\/wp\/v2\/media?parent=30"}],"curies":[{"name":"wp","href":"https:\/\/api.w.org\/{rel}","templated":true}]}}