{"id":2,"date":"2024-09-20T11:16:08","date_gmt":"2024-09-20T11:16:08","guid":{"rendered":"https:\/\/carpinteriaartetxe.rkinformatika.online\/?page_id=2"},"modified":"2025-04-16T09:30:56","modified_gmt":"2025-04-16T09:30:56","slug":"inicio","status":"publish","type":"page","link":"https:\/\/chgalbanileria.com\/eu\/","title":{"rendered":"Hasiera"},"content":{"rendered":"<div data-elementor-type=\"wp-page\" data-elementor-id=\"2\" class=\"elementor elementor-2\" data-elementor-post-type=\"page\">\n\t\t\t\t\t\t<section class=\"elementor-section elementor-top-section elementor-element elementor-element-3a9de87 elementor-section-height-min-height elementor-section-boxed elementor-section-height-default elementor-section-items-middle\" data-id=\"3a9de87\" data-element_type=\"section\" data-e-type=\"section\" data-settings=\"{&quot;background_background&quot;:&quot;classic&quot;}\">\n\t\t\t\t\t\t\t<div class=\"elementor-background-overlay\"><\/div>\n\t\t\t\t\t\t\t<div class=\"elementor-container elementor-column-gap-no\">\n\t\t\t\t\t<div class=\"elementor-column elementor-col-100 elementor-top-column elementor-element elementor-element-5548b1d\" data-id=\"5548b1d\" data-element_type=\"column\" data-e-type=\"column\">\n\t\t\t<div class=\"elementor-widget-wrap elementor-element-populated\">\n\t\t\t\t\t\t<div class=\"elementor-element elementor-element-48a73a4 elementor-invisible elementor-widget elementor-widget-heading\" data-id=\"48a73a4\" data-element_type=\"widget\" data-e-type=\"widget\" data-settings=\"{&quot;_animation&quot;:&quot;zoomIn&quot;}\" data-widget_type=\"heading.default\">\n\t\t\t\t<div class=\"elementor-widget-container\">\n\t\t\t\t\t<h2 class=\"elementor-heading-title elementor-size-default\">Ongi etorri <br>CHG Alba\u00f1iler\u00eda<\/h2>\t\t\t\t<\/div>\n\t\t\t\t<\/div>\n\t\t\t\t<div class=\"elementor-element elementor-element-ba0f6f4 elementor-invisible elementor-widget elementor-widget-heading\" data-id=\"ba0f6f4\" data-element_type=\"widget\" data-e-type=\"widget\" data-settings=\"{&quot;_animation&quot;:&quot;zoomIn&quot;}\" data-widget_type=\"heading.default\">\n\t\t\t\t<div class=\"elementor-widget-container\">\n\t\t\t\t\t<h2 class=\"elementor-heading-title elementor-size-default\">CESAR HERRERO GARCIA<\/h2>\t\t\t\t<\/div>\n\t\t\t\t<\/div>\n\t\t\t\t<div class=\"elementor-element elementor-element-5f8d215 elementor-widget-divider--view-line_text elementor-widget-divider--element-align-right elementor-invisible elementor-widget elementor-widget-divider\" data-id=\"5f8d215\" data-element_type=\"widget\" data-e-type=\"widget\" data-settings=\"{&quot;_animation&quot;:&quot;zoomIn&quot;}\" data-widget_type=\"divider.default\">\n\t\t\t\t<div class=\"elementor-widget-container\">\n\t\t\t\t\t\t\t<div class=\"elementor-divider\">\n\t\t\t<span class=\"elementor-divider-separator\">\n\t\t\t\t\t\t\t<span class=\"elementor-divider__text elementor-divider__element\">\n\t\t\t\t40 urte\t\t\t\t<\/span>\n\t\t\t\t\t\t<\/span>\n\t\t<\/div>\n\t\t\t\t\t\t<\/div>\n\t\t\t\t<\/div>\n\t\t\t\t<section class=\"elementor-section elementor-inner-section elementor-element elementor-element-71c44f2 elementor-section-boxed elementor-section-height-default elementor-section-height-default\" data-id=\"71c44f2\" data-element_type=\"section\" data-e-type=\"section\">\n\t\t\t\t\t\t<div class=\"elementor-container elementor-column-gap-no\">\n\t\t\t\t\t<div class=\"elementor-column elementor-col-100 elementor-inner-column elementor-element elementor-element-5dad1ce\" data-id=\"5dad1ce\" data-element_type=\"column\" data-e-type=\"column\">\n\t\t\t<div class=\"elementor-widget-wrap\">\n\t\t\t\t\t\t\t<\/div>\n\t\t<\/div>\n\t\t\t\t\t<\/div>\n\t\t<\/section>\n\t\t\t\t\t<\/div>\n\t\t<\/div>\n\t\t\t\t\t<\/div>\n\t\t<\/section>\n\t\t\t\t<section class=\"elementor-section elementor-top-section elementor-element elementor-element-a0ca54b elementor-section-content-middle elementor-section-boxed elementor-section-height-default elementor-section-height-default\" data-id=\"a0ca54b\" data-element_type=\"section\" data-e-type=\"section\" data-settings=\"{&quot;background_background&quot;:&quot;classic&quot;}\">\n\t\t\t\t\t\t<div class=\"elementor-container elementor-column-gap-no\">\n\t\t\t\t\t<div class=\"elementor-column elementor-col-50 elementor-top-column elementor-element elementor-element-3f7e027 elementor-invisible\" data-id=\"3f7e027\" data-element_type=\"column\" data-e-type=\"column\" data-settings=\"{&quot;animation&quot;:&quot;fadeInLeft&quot;,&quot;animation_delay&quot;:300}\">\n\t\t\t<div class=\"elementor-widget-wrap elementor-element-populated\">\n\t\t\t\t\t\t<div class=\"elementor-element elementor-element-2db9fd6 elementor-widget elementor-widget-image\" data-id=\"2db9fd6\" data-element_type=\"widget\" data-e-type=\"widget\" data-widget_type=\"image.default\">\n\t\t\t\t<div class=\"elementor-widget-container\">\n\t\t\t\t\t\t\t\t\t\t\t\t\t\t\t<img fetchpriority=\"high\" decoding=\"async\" width=\"1500\" height=\"1000\" src=\"https:\/\/chgalbanileria.com\/wp-content\/uploads\/2025\/04\/17651.jpg\" class=\"attachment-full size-full wp-image-430\" alt=\"\" srcset=\"https:\/\/chgalbanileria.com\/wp-content\/uploads\/2025\/04\/17651.jpg 1500w, https:\/\/chgalbanileria.com\/wp-content\/uploads\/2025\/04\/17651-300x200.jpg 300w, https:\/\/chgalbanileria.com\/wp-content\/uploads\/2025\/04\/17651-1024x683.jpg 1024w, https:\/\/chgalbanileria.com\/wp-content\/uploads\/2025\/04\/17651-768x512.jpg 768w, https:\/\/chgalbanileria.com\/wp-content\/uploads\/2025\/04\/17651-18x12.jpg 18w\" sizes=\"(max-width: 1500px) 100vw, 1500px\" \/>\t\t\t\t\t\t\t\t\t\t\t\t\t\t\t<\/div>\n\t\t\t\t<\/div>\n\t\t\t\t\t<\/div>\n\t\t<\/div>\n\t\t\t\t<div class=\"elementor-column elementor-col-50 elementor-top-column elementor-element elementor-element-73b0acc\" data-id=\"73b0acc\" data-element_type=\"column\" data-e-type=\"column\" data-settings=\"{&quot;background_background&quot;:&quot;classic&quot;}\">\n\t\t\t<div class=\"elementor-widget-wrap elementor-element-populated\">\n\t\t\t\t\t\t<section class=\"elementor-section elementor-inner-section elementor-element elementor-element-7dfaba4 elementor-section-boxed elementor-section-height-default elementor-section-height-default\" data-id=\"7dfaba4\" data-element_type=\"section\" data-e-type=\"section\" data-settings=\"{&quot;background_background&quot;:&quot;classic&quot;}\">\n\t\t\t\t\t\t\t<div class=\"elementor-background-overlay\"><\/div>\n\t\t\t\t\t\t\t<div class=\"elementor-container elementor-column-gap-no\">\n\t\t\t\t\t<div class=\"elementor-column elementor-col-100 elementor-inner-column elementor-element elementor-element-b8bab76 elementor-invisible\" data-id=\"b8bab76\" data-element_type=\"column\" data-e-type=\"column\" data-settings=\"{&quot;background_background&quot;:&quot;classic&quot;,&quot;animation&quot;:&quot;fadeInRight&quot;}\">\n\t\t\t<div class=\"elementor-widget-wrap elementor-element-populated\">\n\t\t\t\t\t\t<div class=\"elementor-element elementor-element-f789326 elementor-widget elementor-widget-heading\" data-id=\"f789326\" data-element_type=\"widget\" data-e-type=\"widget\" data-widget_type=\"heading.default\">\n\t\t\t\t<div class=\"elementor-widget-container\">\n\t\t\t\t\t<h2 class=\"elementor-heading-title elementor-size-default\">40 urteko esperientzia<\/h2>\t\t\t\t<\/div>\n\t\t\t\t<\/div>\n\t\t\t\t<div class=\"elementor-element elementor-element-3eded4e elementor-widget elementor-widget-text-editor\" data-id=\"3eded4e\" data-element_type=\"widget\" data-e-type=\"widget\" data-widget_type=\"text-editor.default\">\n\t\t\t\t<div class=\"elementor-widget-container\">\n\t\t\t\t\t\t\t\t\t<div class=\"flex-shrink-0 flex flex-col relative items-end\"><div class=\"pt-0\"><div class=\"gizmo-bot-avatar flex h-8 w-8 items-center justify-center overflow-hidden rounded-full\"><p class=\"\" data-start=\"81\" data-end=\"439\">CHG Igeltserotza-n, lau hamarkada daramatzagu igeltserotza-lanetan, oro har, eraberritze eta obra berrietarako irtenbide integralak eskaintzen. Kalitatearekin, seriotasunarekin eta erantzukizunarekin dugun konpromisoak erreferentziazko enpresa bihurtu gaitu sektorean, eta beti bermatu ditugu akabera bikainak eta gogobetetasuna proiektu bakoitzean.<\/p><p class=\"\" data-start=\"441\" data-end=\"727\">Eraberritze integraletan espezializatzen gara, etxebizitzen birmoldaketatik hasi eta lokal komertzialen eta industria espazioen modernizazioraino. Obra berriak ere egiten ditugu, gure bezeroen beharretara egokitutako egitura sendo eta funtzionalak ziurtatuz.<\/p><p class=\"\" data-start=\"729\" data-end=\"1079\">\u00a0<\/p><\/div><\/div><\/div>\t\t\t\t\t\t\t\t<\/div>\n\t\t\t\t<\/div>\n\t\t\t\t<div class=\"elementor-element elementor-element-16a0bbb elementor-align-center elementor-widget elementor-widget-button\" data-id=\"16a0bbb\" data-element_type=\"widget\" data-e-type=\"widget\" data-widget_type=\"button.default\">\n\t\t\t\t<div class=\"elementor-widget-container\">\n\t\t\t\t\t\t\t\t\t<div class=\"elementor-button-wrapper\">\n\t\t\t\t\t<a class=\"elementor-button elementor-button-link elementor-size-sm elementor-animation-float\" href=\"https:\/\/chgalbanileria.rkinformatika.online\/servicios\/\">\n\t\t\t\t\t\t<span class=\"elementor-button-content-wrapper\">\n\t\t\t\t\t\t\t\t\t<span class=\"elementor-button-text\">Zerbitzuak<\/span>\n\t\t\t\t\t<\/span>\n\t\t\t\t\t<\/a>\n\t\t\t\t<\/div>\n\t\t\t\t\t\t\t\t<\/div>\n\t\t\t\t<\/div>\n\t\t\t\t\t<\/div>\n\t\t<\/div>\n\t\t\t\t\t<\/div>\n\t\t<\/section>\n\t\t\t\t\t<\/div>\n\t\t<\/div>\n\t\t\t\t\t<\/div>\n\t\t<\/section>\n\t\t\t\t<section class=\"elementor-section elementor-top-section elementor-element elementor-element-f0a5c1f elementor-section-boxed elementor-section-height-default elementor-section-height-default\" data-id=\"f0a5c1f\" data-element_type=\"section\" data-e-type=\"section\" data-settings=\"{&quot;background_background&quot;:&quot;classic&quot;}\">\n\t\t\t\t\t\t\t<div class=\"elementor-background-overlay\"><\/div>\n\t\t\t\t\t\t\t<div class=\"elementor-container elementor-column-gap-no\">\n\t\t\t\t\t<div class=\"elementor-column elementor-col-100 elementor-top-column elementor-element elementor-element-24d4b79\" data-id=\"24d4b79\" data-element_type=\"column\" data-e-type=\"column\" data-settings=\"{&quot;background_background&quot;:&quot;classic&quot;}\">\n\t\t\t<div class=\"elementor-widget-wrap elementor-element-populated\">\n\t\t\t\t\t\t<div class=\"elementor-element elementor-element-a72c20e elementor-invisible elementor-widget elementor-widget-heading\" data-id=\"a72c20e\" data-element_type=\"widget\" data-e-type=\"widget\" data-settings=\"{&quot;_animation&quot;:&quot;zoomIn&quot;}\" data-widget_type=\"heading.default\">\n\t\t\t\t<div class=\"elementor-widget-container\">\n\t\t\t\t\t<h2 class=\"elementor-heading-title elementor-size-default\">Ondo egindako obrak, irauten duten emaitzak.<\/h2>\t\t\t\t<\/div>\n\t\t\t\t<\/div>\n\t\t\t\t<div class=\"elementor-element elementor-element-cbecfc9 elementor-align-center elementor-invisible elementor-widget elementor-widget-button\" data-id=\"cbecfc9\" data-element_type=\"widget\" data-e-type=\"widget\" data-settings=\"{&quot;_animation&quot;:&quot;zoomIn&quot;}\" data-widget_type=\"button.default\">\n\t\t\t\t<div class=\"elementor-widget-container\">\n\t\t\t\t\t\t\t\t\t<div class=\"elementor-button-wrapper\">\n\t\t\t\t\t<a class=\"elementor-button elementor-button-link elementor-size-sm elementor-animation-hang\" href=\"https:\/\/chgalbanileria.rkinformatika.online\/contacto\/\">\n\t\t\t\t\t\t<span class=\"elementor-button-content-wrapper\">\n\t\t\t\t\t\t\t\t\t<span class=\"elementor-button-text\">Jarri gurekin harremanetan<\/span>\n\t\t\t\t\t<\/span>\n\t\t\t\t\t<\/a>\n\t\t\t\t<\/div>\n\t\t\t\t\t\t\t\t<\/div>\n\t\t\t\t<\/div>\n\t\t\t\t\t<\/div>\n\t\t<\/div>\n\t\t\t\t\t<\/div>\n\t\t<\/section>\n\t\t\t\t<\/div>","protected":false},"excerpt":{"rendered":"<p>Bienvenidos a CHG Alba\u00f1iler\u00eda CESAR HERRERO GARCIA 40 a\u00f1os 40 A\u00f1os de Experiencia En CHG Alba\u00f1iler\u00eda, llevamos cuatro d\u00e9cadas dedicados a la alba\u00f1iler\u00eda en general, ofreciendo soluciones integrales para reformas y obras nuevas. Nuestro compromiso con la calidad, la seriedad y la responsabilidad nos ha convertido en una empresa de referencia en el sector, garantizando [&hellip;]<\/p>\n","protected":false},"author":3,"featured_media":0,"parent":0,"menu_order":0,"comment_status":"closed","ping_status":"closed","template":"","meta":{"footnotes":""},"class_list":["post-2","page","type-page","status-publish","hentry"],"yoast_head":"<!-- This site is optimized with the Yoast SEO plugin v27.3 - https:\/\/yoast.com\/product\/yoast-seo-wordpress\/ -->\n<title>Inicio - CHG Albanileria<\/title>\n<meta name=\"robots\" content=\"index, follow, max-snippet:-1, max-image-preview:large, max-video-preview:-1\" \/>\n<link rel=\"canonical\" href=\"https:\/\/chgalbanileria.com\/eu\/\" \/>\n<meta property=\"og:locale\" content=\"en_US\" \/>\n<meta property=\"og:type\" content=\"article\" \/>\n<meta property=\"og:title\" content=\"Inicio - CHG Albanileria\" \/>\n<meta property=\"og:description\" content=\"Bienvenidos a CHG Alba\u00f1iler\u00eda CESAR HERRERO GARCIA 40 a\u00f1os 40 A\u00f1os de Experiencia En CHG Alba\u00f1iler\u00eda, llevamos cuatro d\u00e9cadas dedicados a la alba\u00f1iler\u00eda en general, ofreciendo soluciones integrales para reformas y obras nuevas. Nuestro compromiso con la calidad, la seriedad y la responsabilidad nos ha convertido en una empresa de referencia en el sector, garantizando [&hellip;]\" \/>\n<meta property=\"og:url\" content=\"https:\/\/chgalbanileria.com\/eu\/\" \/>\n<meta property=\"og:site_name\" content=\"CHG Albanileria\" \/>\n<meta property=\"article:modified_time\" content=\"2025-04-16T09:30:56+00:00\" \/>\n<meta property=\"og:image\" content=\"https:\/\/chgalbanileria.com\/wp-content\/uploads\/2025\/04\/17651.jpg\" \/>\n\t<meta property=\"og:image:width\" content=\"1500\" \/>\n\t<meta property=\"og:image:height\" content=\"1000\" \/>\n\t<meta property=\"og:image:type\" content=\"image\/jpeg\" \/>\n<meta name=\"twitter:card\" content=\"summary_large_image\" \/>\n<meta name=\"twitter:label1\" content=\"Est. reading time\" \/>\n\t<meta name=\"twitter:data1\" content=\"1 minutua\" \/>\n<script type=\"application\/ld+json\" class=\"yoast-schema-graph\">{\"@context\":\"https:\\\/\\\/schema.org\",\"@graph\":[{\"@type\":\"WebPage\",\"@id\":\"https:\\\/\\\/chgalbanileria.com\\\/\",\"url\":\"https:\\\/\\\/chgalbanileria.com\\\/\",\"name\":\"Inicio - CHG Albanileria\",\"isPartOf\":{\"@id\":\"https:\\\/\\\/chgalbanileria.com\\\/#website\"},\"primaryImageOfPage\":{\"@id\":\"https:\\\/\\\/chgalbanileria.com\\\/#primaryimage\"},\"image\":{\"@id\":\"https:\\\/\\\/chgalbanileria.com\\\/#primaryimage\"},\"thumbnailUrl\":\"https:\\\/\\\/chgalbanileria.com\\\/wp-content\\\/uploads\\\/2025\\\/04\\\/17651.jpg\",\"datePublished\":\"2024-09-20T11:16:08+00:00\",\"dateModified\":\"2025-04-16T09:30:56+00:00\",\"breadcrumb\":{\"@id\":\"https:\\\/\\\/chgalbanileria.com\\\/#breadcrumb\"},\"inLanguage\":\"eu\",\"potentialAction\":[{\"@type\":\"ReadAction\",\"target\":[\"https:\\\/\\\/chgalbanileria.com\\\/\"]}]},{\"@type\":\"ImageObject\",\"inLanguage\":\"eu\",\"@id\":\"https:\\\/\\\/chgalbanileria.com\\\/#primaryimage\",\"url\":\"https:\\\/\\\/chgalbanileria.com\\\/wp-content\\\/uploads\\\/2025\\\/04\\\/17651.jpg\",\"contentUrl\":\"https:\\\/\\\/chgalbanileria.com\\\/wp-content\\\/uploads\\\/2025\\\/04\\\/17651.jpg\"},{\"@type\":\"BreadcrumbList\",\"@id\":\"https:\\\/\\\/chgalbanileria.com\\\/#breadcrumb\",\"itemListElement\":[{\"@type\":\"ListItem\",\"position\":1,\"name\":\"Portada\",\"item\":\"https:\\\/\\\/chgalbanileria.com\\\/\"},{\"@type\":\"ListItem\",\"position\":2,\"name\":\"Inicio\"}]},{\"@type\":\"WebSite\",\"@id\":\"https:\\\/\\\/chgalbanileria.com\\\/#website\",\"url\":\"https:\\\/\\\/chgalbanileria.com\\\/\",\"name\":\"CHG Albanileria\",\"description\":\"Alba\u00f1iler\u00eda en general \",\"publisher\":{\"@id\":\"https:\\\/\\\/chgalbanileria.com\\\/#organization\"},\"potentialAction\":[{\"@type\":\"SearchAction\",\"target\":{\"@type\":\"EntryPoint\",\"urlTemplate\":\"https:\\\/\\\/chgalbanileria.com\\\/?s={search_term_string}\"},\"query-input\":{\"@type\":\"PropertyValueSpecification\",\"valueRequired\":true,\"valueName\":\"search_term_string\"}}],\"inLanguage\":\"eu\"},{\"@type\":\"Organization\",\"@id\":\"https:\\\/\\\/chgalbanileria.com\\\/#organization\",\"name\":\"CHG Albanileria\",\"url\":\"https:\\\/\\\/chgalbanileria.com\\\/\",\"logo\":{\"@type\":\"ImageObject\",\"inLanguage\":\"eu\",\"@id\":\"https:\\\/\\\/chgalbanileria.com\\\/#\\\/schema\\\/logo\\\/image\\\/\",\"url\":\"https:\\\/\\\/chgalbanileria.com\\\/wp-content\\\/uploads\\\/2025\\\/04\\\/cropped-cropped-CHG-Albanileria-1.png\",\"contentUrl\":\"https:\\\/\\\/chgalbanileria.com\\\/wp-content\\\/uploads\\\/2025\\\/04\\\/cropped-cropped-CHG-Albanileria-1.png\",\"width\":388,\"height\":262,\"caption\":\"CHG Albanileria\"},\"image\":{\"@id\":\"https:\\\/\\\/chgalbanileria.com\\\/#\\\/schema\\\/logo\\\/image\\\/\"}}]}<\/script>\n<!-- \/ Yoast SEO plugin. -->","yoast_head_json":{"title":"Inicio - CHG Albanileria","robots":{"index":"index","follow":"follow","max-snippet":"max-snippet:-1","max-image-preview":"max-image-preview:large","max-video-preview":"max-video-preview:-1"},"canonical":"https:\/\/chgalbanileria.com\/eu\/","og_locale":"en_US","og_type":"article","og_title":"Inicio - CHG Albanileria","og_description":"Bienvenidos a CHG Alba\u00f1iler\u00eda CESAR HERRERO GARCIA 40 a\u00f1os 40 A\u00f1os de Experiencia En CHG Alba\u00f1iler\u00eda, llevamos cuatro d\u00e9cadas dedicados a la alba\u00f1iler\u00eda en general, ofreciendo soluciones integrales para reformas y obras nuevas. Nuestro compromiso con la calidad, la seriedad y la responsabilidad nos ha convertido en una empresa de referencia en el sector, garantizando [&hellip;]","og_url":"https:\/\/chgalbanileria.com\/eu\/","og_site_name":"CHG Albanileria","article_modified_time":"2025-04-16T09:30:56+00:00","og_image":[{"width":1500,"height":1000,"url":"https:\/\/chgalbanileria.com\/wp-content\/uploads\/2025\/04\/17651.jpg","type":"image\/jpeg"}],"twitter_card":"summary_large_image","twitter_misc":{"Est. reading time":"1 minutua"},"schema":{"@context":"https:\/\/schema.org","@graph":[{"@type":"WebPage","@id":"https:\/\/chgalbanileria.com\/","url":"https:\/\/chgalbanileria.com\/","name":"Inicio - CHG Albanileria","isPartOf":{"@id":"https:\/\/chgalbanileria.com\/#website"},"primaryImageOfPage":{"@id":"https:\/\/chgalbanileria.com\/#primaryimage"},"image":{"@id":"https:\/\/chgalbanileria.com\/#primaryimage"},"thumbnailUrl":"https:\/\/chgalbanileria.com\/wp-content\/uploads\/2025\/04\/17651.jpg","datePublished":"2024-09-20T11:16:08+00:00","dateModified":"2025-04-16T09:30:56+00:00","breadcrumb":{"@id":"https:\/\/chgalbanileria.com\/#breadcrumb"},"inLanguage":"eu","potentialAction":[{"@type":"ReadAction","target":["https:\/\/chgalbanileria.com\/"]}]},{"@type":"ImageObject","inLanguage":"eu","@id":"https:\/\/chgalbanileria.com\/#primaryimage","url":"https:\/\/chgalbanileria.com\/wp-content\/uploads\/2025\/04\/17651.jpg","contentUrl":"https:\/\/chgalbanileria.com\/wp-content\/uploads\/2025\/04\/17651.jpg"},{"@type":"BreadcrumbList","@id":"https:\/\/chgalbanileria.com\/#breadcrumb","itemListElement":[{"@type":"ListItem","position":1,"name":"Portada","item":"https:\/\/chgalbanileria.com\/"},{"@type":"ListItem","position":2,"name":"Inicio"}]},{"@type":"WebSite","@id":"https:\/\/chgalbanileria.com\/#website","url":"https:\/\/chgalbanileria.com\/","name":"CHG Albanileria","description":"Alba\u00f1iler\u00eda en general","publisher":{"@id":"https:\/\/chgalbanileria.com\/#organization"},"potentialAction":[{"@type":"SearchAction","target":{"@type":"EntryPoint","urlTemplate":"https:\/\/chgalbanileria.com\/?s={search_term_string}"},"query-input":{"@type":"PropertyValueSpecification","valueRequired":true,"valueName":"search_term_string"}}],"inLanguage":"eu"},{"@type":"Organization","@id":"https:\/\/chgalbanileria.com\/#organization","name":"CHG Albanileria","url":"https:\/\/chgalbanileria.com\/","logo":{"@type":"ImageObject","inLanguage":"eu","@id":"https:\/\/chgalbanileria.com\/#\/schema\/logo\/image\/","url":"https:\/\/chgalbanileria.com\/wp-content\/uploads\/2025\/04\/cropped-cropped-CHG-Albanileria-1.png","contentUrl":"https:\/\/chgalbanileria.com\/wp-content\/uploads\/2025\/04\/cropped-cropped-CHG-Albanileria-1.png","width":388,"height":262,"caption":"CHG Albanileria"},"image":{"@id":"https:\/\/chgalbanileria.com\/#\/schema\/logo\/image\/"}}]}},"_links":{"self":[{"href":"https:\/\/chgalbanileria.com\/eu\/wp-json\/wp\/v2\/pages\/2","targetHints":{"allow":["GET"]}}],"collection":[{"href":"https:\/\/chgalbanileria.com\/eu\/wp-json\/wp\/v2\/pages"}],"about":[{"href":"https:\/\/chgalbanileria.com\/eu\/wp-json\/wp\/v2\/types\/page"}],"author":[{"embeddable":true,"href":"https:\/\/chgalbanileria.com\/eu\/wp-json\/wp\/v2\/users\/3"}],"replies":[{"embeddable":true,"href":"https:\/\/chgalbanileria.com\/eu\/wp-json\/wp\/v2\/comments?post=2"}],"version-history":[{"count":128,"href":"https:\/\/chgalbanileria.com\/eu\/wp-json\/wp\/v2\/pages\/2\/revisions"}],"predecessor-version":[{"id":518,"href":"https:\/\/chgalbanileria.com\/eu\/wp-json\/wp\/v2\/pages\/2\/revisions\/518"}],"wp:attachment":[{"href":"https:\/\/chgalbanileria.com\/eu\/wp-json\/wp\/v2\/media?parent=2"}],"curies":[{"name":"wp","href":"https:\/\/api.w.org\/{rel}","templated":true}]}}